{"id":3,"date":"2020-05-22T13:02:17","date_gmt":"2020-05-22T13:02:17","guid":{"rendered":"http:\/\/biurawbalicach.pl\/balice\/?page_id=3"},"modified":"2020-12-10T19:18:37","modified_gmt":"2020-12-10T17:18:37","slug":"privacy-policy","status":"publish","type":"page","link":"https:\/\/biurawbalicach.pl\/index.php\/privacy-policy\/","title":{"rendered":"Polityka Prywatno\u015bci"},"content":{"rendered":"<p>[et_pb_section fb_built=&#8221;1&#8243; admin_label=&#8221;Welcome To Royal&#8221; module_id=&#8221;info&#8221; _builder_version=&#8221;4.4.7&#8243; background_color=&#8221;#ffffff&#8221; background_position=&#8221;top_left&#8221; custom_padding=&#8221;0px|0px|100px|0px||&#8221; collapsed=&#8221;off&#8221;][et_pb_row _builder_version=&#8221;4.4.7&#8243;][et_pb_column type=&#8221;4_4&#8243; _builder_version=&#8221;4.4.7&#8243;][et_pb_text _builder_version=&#8221;4.4.7&#8243;]<\/p>\n<h1>Polityka pywatno\u015bci<\/h1>\n<p>[\/et_pb_text][et_pb_divider _builder_version=&#8221;4.4.7&#8243;][\/et_pb_divider][et_pb_text _builder_version=&#8221;4.4.7&#8243;]<\/p>\n<p><strong>Kto jest administratorem Pa\u0144stwa danych osobowych?<\/strong><br \/>Administratorem Pa\u0144stwa\u00a0 danych osobowych jest Grupa Gamp sp. z o.o. (dawniej Gamp s.c.) z siedzib\u0105 w Krakowie przy ul. Henryka Sienkiewicza 9\/11, NIP 6772388183, REGON 361230737 \u015bwiadcz\u0105ca us\u0142ugi z zakresu po\u015brednictwa w obrocie nieruchomo\u015bciami.<\/p>\n<p><strong>Cel przetwarzania danych osobowych<br \/><\/strong>Przetwarzamy Pa\u0144stwa dane osobowe w celu:<br \/>a) realizowania bie\u017c\u0105cej korespondencji, ewentualnej odpowiedzi na tre\u015b\u0107 przekazanego nam zapytania,<br \/>b) w celu umo\u017cliwienia przedstawienia Pa\u0144stwu oferty dotycz\u0105cej nieruchomo\u015bci, kt\u00f3r\u0105 mog\u0105 by\u0107 Pa\u0144stwo zainteresowani<br \/>c) w celu umo\u017cliwienia wywi\u0105zania si\u0119 przez nas, deweloper\u00f3w, w\u0142a\u015bcicieli nieruchomo\u015bci<br \/>i firm wsp\u00f3\u0142pracuj\u0105cych z wzajemnych zobowi\u0105za\u0144.<\/p>\n<p><strong>Jaka jest podstawa prawna przetwarzania przez nas Pa\u0144stwa danych osobowych?<br \/><\/strong>Podstaw\u0105 przetwarzania Pa\u0144stwa danych osobowych jest:<br \/>a) art. 6 ust. 1 lit. b RODO*: \u201e<em>przetwarzanie jest niezb\u0119dne do wykonania umowy, kt\u00f3rej stron\u0105 jest osoba, kt\u00f3rej dane dotycz\u0105, lub do podj\u0119cia\u201d<\/em><br \/>b) art. 6 ust. 1 lit. f RODO*<em>,,<\/em><em><span>\u00a0<\/span>przetwarzanie jest niezb\u0119dne do cel\u00f3w wynikaj\u0105cych z prawnie uzasadnionych interes\u00f3w realizowanych przez administratora lub przez stron\u0119 trzeci\u0105, z wyj\u0105tkiem sytuacji, w kt\u00f3rych nadrz\u0119dny charakter wobec tych interes\u00f3w maj\u0105 interesy lub podstawowe prawa i wolno\u015bci osoby, kt\u00f3rej dane dotycz\u0105, wymagaj\u0105ce ochrony danych osobowych, w szczeg\u00f3lno\u015bci gdy osoba, kt\u00f3rej dane dotycz\u0105, jest dzieckiem.\u201d<\/em><strong><\/strong><\/p>\n<p><strong>Dane kontaktowe Administratora:<br \/><\/strong>Mog\u0105 Pa\u0144stwo kontaktowa\u0107 si\u0119 z nami w sprawach dotycz\u0105cych danych osobowych<br \/>a) listownie: ul. Henryka Sienkiewicza 9\/11, 30-033 Krak\u00f3w<br \/>b) e-mailem na adres: biuro@grupagamp.pl<strong><br \/><\/strong><strong><br \/>Jakie maj\u0105 Pa\u0144stwo uprawnienia w zwi\u0105zku z przetwarzaniem przez nas danych osobowych?<br \/><\/strong>Zgodnie z przepisami i na warunkach w nich okre\u015blonych maj\u0105 Pa\u0144stwo prawo do:<br \/>a) \u017c\u0105dania od nas dost\u0119pu do tych danych osobowych,<br \/>b) sprostowania, usuni\u0119cia lub ograniczenia przetwarzania danych osobowych,<br \/>c) przenoszenia tych danych,<br \/>d) wniesienia skargi do organu nadzorczego, to jest do Prezesa Urz\u0119du Ochrony Danych Osobowych<\/p>\n<p>Maj\u0105 Pa\u0144stwo tak\u017ce prawo, by nie podlega\u0107 decyzji, kt\u00f3ra opiera si\u0119 wy\u0142\u0105cznie na zautomatyzowanym przetwarzaniu danych osobowych, w tym profilowaniu, i wywo\u0142uje wobec Pa\u0144stwa skutki prawne lub w podobny spos\u00f3b istotnie na Pa\u0144stwa wp\u0142ywa. Informujemy jednak, \u017ce dane osobowe przetwarzane przez nas<span>\u00a0<\/span><strong>nie b\u0119d\u0105<\/strong><span>\u00a0<\/span>przedmiotem takiego przetwarzania (tj. wy\u0142\u0105cznie zautomatyzowanego).<\/p>\n<p><strong>Czy Pa\u0144stwa dane osobowe b\u0119dziemy komu\u015b przekazywa\u0107?<br \/><\/strong>Pa\u0144stwa dane mog\u0105 by\u0107 przekazywane deweloperom, w\u0142a\u015bcicielom nieruchomo\u015bci lub platformom umo\u017cliwiaj\u0105cym dost\u0119p do ofert nieruchomo\u015bci z rynku pierwotnego, ale<span>\u00a0<\/span><strong>wy\u0142\u0105cznie<\/strong><span>\u00a0<\/span>w celu umo\u017cliwienia wywi\u0105zania si\u0119 z wzajemnych zobowi\u0105za\u0144.<\/p>\n<p><strong>\u00a0<\/strong><strong>Jak d\u0142ugo b\u0119dziemy przechowywa\u0107 Pa\u0144stwa dane osobowe?<br \/><\/strong>Tak d\u0142ugo jak b\u0119dzie to niezb\u0119dne do realizacji cel\u00f3w, ze wzgl\u0119du na kt\u00f3re je przetwarzamy lub b\u0119dziemy przetwarza\u0107.<\/p>\n<p><strong>\u00a0<\/strong>* rozporz\u0105dzenie Parlamentu Europejskiego i Rady (UE) 2016\/679 z dnia 27 kwietnia 2016 r. w sprawie ochrony os\u00f3b fizycznych w zwi\u0105zku z przetwarzaniem danych osobowych i w sprawie swobodnego przep\u0142ywu takich danych oraz uchylenia dyrektywy 95\/46\/WE. Tekst RODO znajd\u0105 Pa\u0144stwo<span>\u00a0<\/span><a href=\"https:\/\/eur-lex.europa.eu\/legal-content\/PL\/TXT\/PDF\/?uri=CELEX:32016R0679&amp;from=PL\" target=\"_blank\" rel=\"noopener noreferrer\">RODO<\/a><\/p>\n<p>[\/et_pb_text][\/et_pb_column][\/et_pb_row][\/et_pb_section][et_pb_section fb_built=&#8221;1&#8243; admin_label=&#8221;Contact Us&#8221; _builder_version=&#8221;4.4.7&#8243; background_color=&#8221;rgba(0,0,0,0.75)&#8221; background_image=&#8221;http:\/\/biurawbalicach.pl\/wp-content\/uploads\/2020\/05\/AAA_6727e-scaled.jpg&#8221; background_blend=&#8221;color&#8221; custom_padding=&#8221;100px|0px|100px|0px&#8221; locked=&#8221;off&#8221; collapsed=&#8221;off&#8221;][\/et_pb_section]<\/p>\n","protected":false},"excerpt":{"rendered":"<p>Polityka pywatno\u015bciKto jest administratorem Pa\u0144stwa danych osobowych?Administratorem Pa\u0144stwa\u00a0 danych osobowych jest Grupa Gamp sp. z o.o. (dawniej Gamp s.c.) z siedzib\u0105 w Krakowie przy ul. Henryka Sienkiewicza 9\/11, NIP 6772388183, REGON 361230737 \u015bwiadcz\u0105ca us\u0142ugi z zakresu po\u015brednictwa w obrocie nieruchomo\u015bciami. Cel przetwarzania danych osobowychPrzetwarzamy Pa\u0144stwa dane osobowe w celu:a) realizowania bie\u017c\u0105cej korespondencji, ewentualnej odpowiedzi na [&hellip;]<\/p>\n","protected":false},"author":1,"featured_media":0,"parent":0,"menu_order":0,"comment_status":"closed","ping_status":"open","template":"","meta":{"_et_pb_use_builder":"on","_et_pb_old_content":"<!-- wp:heading -->\n<h2>Who we are<\/h2>\n<!-- \/wp:heading -->\n\n<!-- wp:paragraph -->\n<p>Our website address is: http:\/\/biurawbalicach.pl\/balice.<\/p>\n<!-- \/wp:paragraph -->\n\n<!-- wp:heading -->\n<h2>What personal data we collect and why we collect it<\/h2>\n<!-- \/wp:heading -->\n\n<!-- wp:heading {\"level\":3} -->\n<h3>Comments<\/h3>\n<!-- \/wp:heading -->\n\n<!-- wp:paragraph -->\n<p>When visitors leave comments on the site we collect the data shown in the comments form, and also the visitor\u2019s IP address and browser user agent string to help spam detection.<\/p>\n<!-- \/wp:paragraph -->\n\n<!-- wp:paragraph -->\n<p>An anonymized string created from your email address (also called a hash) may be provided to the Gravatar service to see if you are using it. The Gravatar service privacy policy is available here: https:\/\/automattic.com\/privacy\/. After approval of your comment, your profile picture is visible to the public in the context of your comment.<\/p>\n<!-- \/wp:paragraph -->\n\n<!-- wp:heading {\"level\":3} -->\n<h3>Media<\/h3>\n<!-- \/wp:heading -->\n\n<!-- wp:paragraph -->\n<p>If you upload images to the website, you should avoid uploading images with embedded location data (EXIF GPS) included. Visitors to the website can download and extract any location data from images on the website.<\/p>\n<!-- \/wp:paragraph -->\n\n<!-- wp:heading {\"level\":3} -->\n<h3>Contact forms<\/h3>\n<!-- \/wp:heading -->\n\n<!-- wp:heading {\"level\":3} -->\n<h3>Cookies<\/h3>\n<!-- \/wp:heading -->\n\n<!-- wp:paragraph -->\n<p>If you leave a comment on our site you may opt-in to saving your name, email address and website in cookies. These are for your convenience so that you do not have to fill in your details again when you leave another comment. These cookies will last for one year.<\/p>\n<!-- \/wp:paragraph -->\n\n<!-- wp:paragraph -->\n<p>If you have an account and you log in to this site, we will set a temporary cookie to determine if your browser accepts cookies. This cookie contains no personal data and is discarded when you close your browser.<\/p>\n<!-- \/wp:paragraph -->\n\n<!-- wp:paragraph -->\n<p>When you log in, we will also set up several cookies to save your login information and your screen display choices. Login cookies last for two days, and screen options cookies last for a year. If you select \"Remember Me\", your login will persist for two weeks. If you log out of your account, the login cookies will be removed.<\/p>\n<!-- \/wp:paragraph -->\n\n<!-- wp:paragraph -->\n<p>If you edit or publish an article, an additional cookie will be saved in your browser. This cookie includes no personal data and simply indicates the post ID of the article you just edited. It expires after 1 day.<\/p>\n<!-- \/wp:paragraph -->\n\n<!-- wp:heading {\"level\":3} -->\n<h3>Embedded content from other websites<\/h3>\n<!-- \/wp:heading -->\n\n<!-- wp:paragraph -->\n<p>Articles on this site may include embedded content (e.g. videos, images, articles, etc.). Embedded content from other websites behaves in the exact same way as if the visitor has visited the other website.<\/p>\n<!-- \/wp:paragraph -->\n\n<!-- wp:paragraph -->\n<p>These websites may collect data about you, use cookies, embed additional third-party tracking, and monitor your interaction with that embedded content, including tracking your interaction with the embedded content if you have an account and are logged in to that website.<\/p>\n<!-- \/wp:paragraph -->\n\n<!-- wp:heading {\"level\":3} -->\n<h3>Analytics<\/h3>\n<!-- \/wp:heading -->\n\n<!-- wp:heading -->\n<h2>Who we share your data with<\/h2>\n<!-- \/wp:heading -->\n\n<!-- wp:heading -->\n<h2>How long we retain your data<\/h2>\n<!-- \/wp:heading -->\n\n<!-- wp:paragraph -->\n<p>If you leave a comment, the comment and its metadata are retained indefinitely. This is so we can recognize and approve any follow-up comments automatically instead of holding them in a moderation queue.<\/p>\n<!-- \/wp:paragraph -->\n\n<!-- wp:paragraph -->\n<p>For users that register on our website (if any), we also store the personal information they provide in their user profile. All users can see, edit, or delete their personal information at any time (except they cannot change their username). Website administrators can also see and edit that information.<\/p>\n<!-- \/wp:paragraph -->\n\n<!-- wp:heading -->\n<h2>What rights you have over your data<\/h2>\n<!-- \/wp:heading -->\n\n<!-- wp:paragraph -->\n<p>If you have an account on this site, or have left comments, you can request to receive an exported file of the personal data we hold about you, including any data you have provided to us. You can also request that we erase any personal data we hold about you. This does not include any data we are obliged to keep for administrative, legal, or security purposes.<\/p>\n<!-- \/wp:paragraph -->\n\n<!-- wp:heading -->\n<h2>Where we send your data<\/h2>\n<!-- \/wp:heading -->\n\n<!-- wp:paragraph -->\n<p>Visitor comments may be checked through an automated spam detection service.<\/p>\n<!-- \/wp:paragraph -->\n\n<!-- wp:heading -->\n<h2>Your contact information<\/h2>\n<!-- \/wp:heading -->\n\n<!-- wp:heading -->\n<h2>Additional information<\/h2>\n<!-- \/wp:heading -->\n\n<!-- wp:heading {\"level\":3} -->\n<h3>How we protect your data<\/h3>\n<!-- \/wp:heading -->\n\n<!-- wp:heading {\"level\":3} -->\n<h3>What data breach procedures we have in place<\/h3>\n<!-- \/wp:heading -->\n\n<!-- wp:heading {\"level\":3} -->\n<h3>What third parties we receive data from<\/h3>\n<!-- \/wp:heading -->\n\n<!-- wp:heading {\"level\":3} -->\n<h3>What automated decision making and\/or profiling we do with user data<\/h3>\n<!-- \/wp:heading -->\n\n<!-- wp:heading {\"level\":3} -->\n<h3>Industry regulatory disclosure requirements<\/h3>\n<!-- \/wp:heading -->","_et_gb_content_width":"","footnotes":""},"class_list":["post-3","page","type-page","status-publish","hentry"],"_links":{"self":[{"href":"https:\/\/biurawbalicach.pl\/index.php\/wp-json\/wp\/v2\/pages\/3","targetHints":{"allow":["GET"]}}],"collection":[{"href":"https:\/\/biurawbalicach.pl\/index.php\/wp-json\/wp\/v2\/pages"}],"about":[{"href":"https:\/\/biurawbalicach.pl\/index.php\/wp-json\/wp\/v2\/types\/page"}],"author":[{"embeddable":true,"href":"https:\/\/biurawbalicach.pl\/index.php\/wp-json\/wp\/v2\/users\/1"}],"replies":[{"embeddable":true,"href":"https:\/\/biurawbalicach.pl\/index.php\/wp-json\/wp\/v2\/comments?post=3"}],"version-history":[{"count":3,"href":"https:\/\/biurawbalicach.pl\/index.php\/wp-json\/wp\/v2\/pages\/3\/revisions"}],"predecessor-version":[{"id":377,"href":"https:\/\/biurawbalicach.pl\/index.php\/wp-json\/wp\/v2\/pages\/3\/revisions\/377"}],"wp:attachment":[{"href":"https:\/\/biurawbalicach.pl\/index.php\/wp-json\/wp\/v2\/media?parent=3"}],"curies":[{"name":"wp","href":"https:\/\/api.w.org\/{rel}","templated":true}]}}